{"id":1204,"date":"2020-07-27T03:00:50","date_gmt":"2020-07-27T03:00:50","guid":{"rendered":"http:\/\/carlakrieger.com.br\/?page_id=1204"},"modified":"2021-04-12T17:42:50","modified_gmt":"2021-04-12T17:42:50","slug":"blog","status":"publish","type":"page","link":"https:\/\/carlakrieger.com.br\/?page_id=1204","title":{"rendered":"blog"},"content":{"rendered":"<p><div class=\"fusion-fullwidth fullwidth-box fusion-builder-row-1 fusion-flex-container nonhundred-percent-fullwidth non-hundred-percent-height-scrolling\" style=\"background-color: #ffffff;background-position: left top;background-repeat: no-repeat;border-width: 0px 0px 0px 0px;border-color:#eae9e9;border-style:solid;\" ><div class=\"fusion-builder-row fusion-row fusion-flex-align-items-flex-start\" style=\"max-width:1216.8px;margin-left: calc(-4% \/ 2 );margin-right: calc(-4% \/ 2 );\"><div class=\"fusion-layout-column fusion_builder_column fusion-builder-column-0 fusion_builder_column_1_2 1_2 fusion-flex-column\"><div class=\"fusion-column-wrapper fusion-flex-justify-content-flex-start fusion-content-layout-column\" style=\"background-position:left top;background-repeat:no-repeat;-webkit-background-size:cover;-moz-background-size:cover;-o-background-size:cover;background-size:cover;padding: 0px 0px 0px 0px;\"><div class=\"fusion-recent-posts fusion-recent-posts-1 avada-container layout-default layout-columns-1\"><section class=\"fusion-columns columns fusion-columns-1 columns-1\"><article class=\"post fusion-column column col col-lg-12 col-md-12 col-sm-12\"><div class=\"recent-posts-content\"><span class=\"vcard\" style=\"display: none;\"><span class=\"fn\"><a href=\"https:\/\/carlakrieger.com.br\/?author=1\" title=\"Posts de carla.krieger@gmail.com\" rel=\"author\">carla.krieger@gmail.com<\/a><\/span><\/span><span class=\"updated\" style=\"display:none;\">2026-01-06T15:00:54-03:00<\/span><h4 class=\"entry-title\"><a href=\"https:\/\/carlakrieger.com.br\/?p=1961\">New Blog space &#8211; Medium<\/a><\/h4><p>I have moved my blog to Medium<\/p><\/div><\/article><\/section><\/div><\/div><style type=\"text\/css\">.fusion-body .fusion-builder-column-0{width:50% !important;margin-top : 60px;margin-bottom : 10px;}.fusion-builder-column-0 > .fusion-column-wrapper {padding-top : 0px !important;padding-right : 0px !important;margin-right : 4.8%;padding-bottom : 0px !important;padding-left : 0px !important;margin-left : 3.84%;}@media only screen and (max-width:1024px) {.fusion-body .fusion-builder-column-0{width:100% !important;}.fusion-builder-column-0 > .fusion-column-wrapper {margin-right : 1.92%;margin-left : 1.92%;}}@media only screen and (max-width:640px) {.fusion-body .fusion-builder-column-0{width:100% !important;}.fusion-builder-column-0 > .fusion-column-wrapper {margin-right : 1.92%;margin-left : 1.92%;}}<\/style><\/div><div class=\"fusion-layout-column fusion_builder_column fusion-builder-column-1 fusion_builder_column_1_2 1_2 fusion-flex-column\"><div class=\"fusion-column-wrapper fusion-flex-justify-content-flex-start fusion-content-layout-column\" style=\"background-position:left top;background-repeat:no-repeat;-webkit-background-size:cover;-moz-background-size:cover;-o-background-size:cover;background-size:cover;padding: 0px 0px 0px 0px;\"><div class=\"fusion-recent-posts fusion-recent-posts-2 avada-container layout-thumbnails-on-side layout-columns-1\"><section class=\"fusion-columns columns fusion-columns-1 columns-1\"><article class=\"post fusion-column column col col-lg-12 col-md-12 col-sm-12\"><div class=\"recent-posts-content\"><span class=\"vcard\" style=\"display: none;\"><span class=\"fn\"><a href=\"https:\/\/carlakrieger.com.br\/?author=1\" title=\"Posts de carla.krieger@gmail.com\" rel=\"author\">carla.krieger@gmail.com<\/a><\/span><\/span><span class=\"updated\" style=\"display:none;\">2026-01-06T15:00:54-03:00<\/span><h4 class=\"entry-title\"><a href=\"https:\/\/carlakrieger.com.br\/?p=1961\">New Blog space &#8211; Medium<\/a><\/h4><p>I have moved my blog to Medium<\/p><\/div><\/article><article class=\"post fusion-column column col col-lg-12 col-md-12 col-sm-12\"><div class=\"fusion-flexslider fusion-flexslider-loading flexslider floated-slideshow flexslider-hover-type-none\"><ul class=\"slides\"><li><a href=\"https:\/\/carlakrieger.com.br\/?p=1931\" aria-label=\"Entregando Valor com o Disciplined Agile (ppt)\" class=\"hover-type-none\"><img width=\"177\" height=\"142\" src=\"https:\/\/carlakrieger.com.br\/wp-content\/uploads\/2022\/08\/Captura-de-Tela-2022-08-19-a\u0300s-10.00.10-177x142.png\" class=\"attachment-portfolio-five size-portfolio-five\" alt=\"\" \/><\/a><\/li><\/ul><\/div><div class=\"recent-posts-content\"><span class=\"vcard\" style=\"display: none;\"><span class=\"fn\"><a href=\"https:\/\/carlakrieger.com.br\/?author=1\" title=\"Posts de carla.krieger@gmail.com\" rel=\"author\">carla.krieger@gmail.com<\/a><\/span><\/span><span class=\"updated\" style=\"display:none;\">2022-08-19T10:03:09-03:00<\/span><h4 class=\"entry-title\"><a href=\"https:\/\/carlakrieger.com.br\/?p=1931\">Entregando Valor com o Disciplined Agile (ppt)<\/a><\/h4><p>\u201cSem o pensamento sist\u00eamico, a semente da vis\u00e3o cai em solo est\u00e9ril\u201d (Peter Senge) O Disciplined Agile, atrav\u00e9s do seu [...]<\/p><\/div><\/article><article class=\"post fusion-column column col col-lg-12 col-md-12 col-sm-12\"><div class=\"fusion-flexslider fusion-flexslider-loading flexslider floated-slideshow flexslider-hover-type-none\"><ul class=\"slides\"><li><a href=\"https:\/\/carlakrieger.com.br\/?p=1917\" aria-label=\"Modelando Neg\u00f3cio e Produto em uma Startup\" class=\"hover-type-none\"><img width=\"177\" height=\"142\" src=\"https:\/\/carlakrieger.com.br\/wp-content\/uploads\/2022\/06\/Captura-de-Tela-2022-06-07-a\u0300s-10.38.39-177x142.png\" class=\"attachment-portfolio-five size-portfolio-five\" alt=\"\" \/><\/a><\/li><\/ul><\/div><div class=\"recent-posts-content\"><span class=\"vcard\" style=\"display: none;\"><span class=\"fn\"><a href=\"https:\/\/carlakrieger.com.br\/?author=1\" title=\"Posts de carla.krieger@gmail.com\" rel=\"author\">carla.krieger@gmail.com<\/a><\/span><\/span><span class=\"updated\" style=\"display:none;\">2022-06-07T10:40:07-03:00<\/span><h4 class=\"entry-title\"><a href=\"https:\/\/carlakrieger.com.br\/?p=1917\">Modelando Neg\u00f3cio e Produto em uma Startup<\/a><\/h4><p>Compartilho na integra o artigo que escrevi para a revista Mundo PM Ano 17 \u2022 n\u00ba 89 \u2022 R$ 45,00 [...]<\/p><\/div><\/article><\/section><div class=\"pagination clearfix\"><span class=\"current\">1<\/span><a href=\"https:\/\/carlakrieger.com.br\/index.php?rest_route=%2Fwp%2Fv2%2Fpages%2F1204&#038;paged=2\" class=\"inactive\">2<\/a><a class=\"pagination-next\" rel=\"next\" href=\"https:\/\/carlakrieger.com.br\/index.php?rest_route=%2Fwp%2Fv2%2Fpages%2F1204&#038;paged=2\"><span class=\"page-text\">Pr\u00f3ximo<\/span><span class=\"page-next\"><\/span><\/a><\/div><div class=\"fusion-clearfix\"><\/div><\/div><\/div><style type=\"text\/css\">.fusion-body .fusion-builder-column-1{width:50% !important;margin-top : 60px;margin-bottom : 10px;}.fusion-builder-column-1 > .fusion-column-wrapper {padding-top : 0px !important;padding-right : 0px !important;margin-right : 3.84%;padding-bottom : 0px !important;padding-left : 0px !important;margin-left : 4.8%;}@media only screen and (max-width:1024px) {.fusion-body .fusion-builder-column-1{width:100% !important;}.fusion-builder-column-1 > .fusion-column-wrapper {margin-right : 1.92%;margin-left : 1.92%;}}@media only screen and (max-width:640px) {.fusion-body .fusion-builder-column-1{width:100% !important;}.fusion-builder-column-1 > .fusion-column-wrapper {margin-right : 1.92%;margin-left : 1.92%;}}<\/style><\/div><\/div><style type=\"text\/css\">.fusion-body .fusion-flex-container.fusion-builder-row-1{ padding-top : 0px;margin-top : 0px;padding-right : 0px;padding-bottom : 3%;margin-bottom : 0px;padding-left : 0px;}<\/style><\/div><div class=\"fusion-fullwidth fullwidth-box fusion-builder-row-2 fusion-flex-container fusion-parallax-none nonhundred-percent-fullwidth non-hundred-percent-height-scrolling\" style=\"background-color: rgba(255,255,255,0);background-image: url(&quot;https:\/\/carlakrieger.com.br\/wp-content\/uploads\/2020\/07\/shape-bg-contato-70.png&quot;);background-position: left top;background-repeat: no-repeat;border-width: 0px 0px 0px 0px;border-color:#eae9e9;border-style:solid;-webkit-background-size:cover;-moz-background-size:cover;-o-background-size:cover;background-size:cover;\" ><div class=\"fusion-builder-row fusion-row fusion-flex-align-items-flex-start fusion-flex-justify-content-center\" style=\"max-width:1216.8px;margin-left: calc(-4% \/ 2 );margin-right: calc(-4% \/ 2 );\"><\/div><style type=\"text\/css\">.fusion-body .fusion-flex-container.fusion-builder-row-2{ padding-top : 5%;margin-top : 0px;padding-right : 0px;padding-bottom : 5%;margin-bottom : 0px;padding-left : 0px;}<\/style><\/div><\/p>\n","protected":false},"excerpt":{"rendered":"","protected":false},"author":1,"featured_media":0,"parent":0,"menu_order":0,"comment_status":"closed","ping_status":"closed","template":"100-width.php","meta":[],"_links":{"self":[{"href":"https:\/\/carlakrieger.com.br\/index.php?rest_route=\/wp\/v2\/pages\/1204"}],"collection":[{"href":"https:\/\/carlakrieger.com.br\/index.php?rest_route=\/wp\/v2\/pages"}],"about":[{"href":"https:\/\/carlakrieger.com.br\/index.php?rest_route=\/wp\/v2\/types\/page"}],"author":[{"embeddable":true,"href":"https:\/\/carlakrieger.com.br\/index.php?rest_route=\/wp\/v2\/users\/1"}],"replies":[{"embeddable":true,"href":"https:\/\/carlakrieger.com.br\/index.php?rest_route=%2Fwp%2Fv2%2Fcomments&post=1204"}],"version-history":[{"count":16,"href":"https:\/\/carlakrieger.com.br\/index.php?rest_route=\/wp\/v2\/pages\/1204\/revisions"}],"predecessor-version":[{"id":1565,"href":"https:\/\/carlakrieger.com.br\/index.php?rest_route=\/wp\/v2\/pages\/1204\/revisions\/1565"}],"wp:attachment":[{"href":"https:\/\/carlakrieger.com.br\/index.php?rest_route=%2Fwp%2Fv2%2Fmedia&parent=1204"}],"curies":[{"name":"wp","href":"https:\/\/api.w.org\/{rel}","templated":true}]}}